{"id":6,"date":"2020-06-02T16:58:58","date_gmt":"2020-06-02T16:58:58","guid":{"rendered":"http:\/\/farmaceuticoschubut.com.ar\/obrassociales\/ha-olvidado-su-contrasena\/"},"modified":"2020-06-02T16:58:58","modified_gmt":"2020-06-02T16:58:58","slug":"ha-olvidado-su-contrasena","status":"publish","type":"page","link":"http:\/\/farmaceuticoschubut.com.ar\/obrassociales\/ha-olvidado-su-contrasena\/","title":{"rendered":"Ha olvidado su contrase\u00f1a"},"content":{"rendered":"<div class=\"piereg_container\"><div class=\"piereg_entry-content pieregForgotPassword pieregWrapper\"><div id=\"piereg_forgotpassword\"><div id=\"piereg_login\"><div class=\"alert alert-warning\"><p class=\"piereg_warning fp_desc\">Por favor introduzca su nombre de usuario o direcci\u00f3n de correo electr\u00f3nico. Recibir\u00e1 un enlace para crear una nueva contrase\u00f1a por correo electr\u00f3nico.<\/p><\/div><ul id=\"pie_register\"><form method=\"post\" action=\"\/obrassociales\/wp-json\/wp\/v2\/pages\/6\" id=\"piereg_lostpasswordform\"><li class=\"fields\"><label for=\"user_login\">Username or Email:<\/label><input type=\"text\" size=\"20\" value=\"\" class=\"input input_fields validate[required]\" id=\"reset_user_login\" name=\"user_login\" placeholder=\"\"><\/li><input type=\"hidden\" id=\"piereg_reset_password_nonce\" name=\"piereg_reset_password_nonce\" value=\"809d602826\" \/><input type=\"hidden\" name=\"_wp_http_referer\" value=\"\/obrassociales\/wp-json\/wp\/v2\/pages\/6\" \/><input type=\"hidden\" value=\"\" name=\"redirect_to\"><input type=\"hidden\" value=\"1\" name=\"is_forgot_form\"><li class=\"fields\"><div class=\"fieldset\"><\/div><\/li><li class=\"fields\"><p class=\"submit\"><input type=\"submit\" value=\"Restablecer mi contrase\u00f1a\" class=\"button button-primary button-large\" id=\"wp-reset-submit\" name=\"user-submit\"><\/p><\/li><\/ul>\r\n\t\t<input type=\"hidden\" name=\"reset_pass\" value=\"1\" \/>\r\n\t\t<input type=\"hidden\" name=\"user-cookie\" value=\"1\" \/>\r\n\t  <\/form>\r\n\t<\/div>\r\n\t<\/div>\r\n\t<\/div>\r\n\t<\/div>\n","protected":false},"excerpt":{"rendered":"","protected":false},"author":2,"featured_media":0,"parent":0,"menu_order":0,"comment_status":"closed","ping_status":"closed","template":"","meta":{"footnotes":""},"class_list":["post-6","page","type-page","status-publish","hentry"],"_links":{"self":[{"href":"http:\/\/farmaceuticoschubut.com.ar\/obrassociales\/wp-json\/wp\/v2\/pages\/6","targetHints":{"allow":["GET"]}}],"collection":[{"href":"http:\/\/farmaceuticoschubut.com.ar\/obrassociales\/wp-json\/wp\/v2\/pages"}],"about":[{"href":"http:\/\/farmaceuticoschubut.com.ar\/obrassociales\/wp-json\/wp\/v2\/types\/page"}],"author":[{"embeddable":true,"href":"http:\/\/farmaceuticoschubut.com.ar\/obrassociales\/wp-json\/wp\/v2\/users\/2"}],"replies":[{"embeddable":true,"href":"http:\/\/farmaceuticoschubut.com.ar\/obrassociales\/wp-json\/wp\/v2\/comments?post=6"}],"version-history":[{"count":0,"href":"http:\/\/farmaceuticoschubut.com.ar\/obrassociales\/wp-json\/wp\/v2\/pages\/6\/revisions"}],"wp:attachment":[{"href":"http:\/\/farmaceuticoschubut.com.ar\/obrassociales\/wp-json\/wp\/v2\/media?parent=6"}],"curies":[{"name":"wp","href":"https:\/\/api.w.org\/{rel}","templated":true}]}}